{"id":22,"date":"2026-05-09T13:50:53","date_gmt":"2026-05-09T10:50:53","guid":{"rendered":"https:\/\/candogucu.com.tr\/index.php\/urun\/test5-en-iyi-fiyat-hizli-kargo\/"},"modified":"2026-05-09T13:50:53","modified_gmt":"2026-05-09T10:50:53","slug":"test5-en-iyi-fiyat-hizli-kargo","status":"publish","type":"product","link":"https:\/\/candogucu.com.tr\/index.php\/urun\/test5-en-iyi-fiyat-hizli-kargo\/","title":{"rendered":"Test5 | En \u0130yi Fiyat &amp; H\u0131zl\u0131 Kargo"},"content":{"rendered":"<h2>Test5 Hakk\u0131nda<\/h2>\n<p>Test5, Genel kategorisinde \u00f6ne \u00e7\u0131kan kaliteli bir \u00fcr\u00fcnd\u00fcr. M\u00fc\u015fteri memnuniyetini \u00f6n planda tutan \u00fcretim s\u00fcreciyle haz\u0131rlanm\u0131\u015ft\u0131r.<\/p>\n<h3>\u00d6ne \u00c7\u0131kan \u00d6zellikler<\/h3>\n<ul>\n<li>Y\u00fcksek kaliteli malzeme kullan\u0131m\u0131<\/li>\n<li>Uzun \u00f6m\u00fcrl\u00fc ve dayan\u0131kl\u0131 yap\u0131<\/li>\n<li>\u015e\u0131k ve modern tasar\u0131m<\/li>\n<li>Kolay kullan\u0131m ve bak\u0131m<\/li>\n<\/ul>\n<h3>Kargo &amp; \u0130ade Politikas\u0131<\/h3>\n<p>Sipari\u015fleriniz 1-3 i\u015f g\u00fcn\u00fc i\u00e7inde kargoya verilir. 30 g\u00fcn i\u00e7inde ko\u015fulsuz iade hakk\u0131n\u0131z mevcuttur.<\/p>\n","protected":false},"excerpt":{"rendered":"<p><strong>Test5<\/strong> \u2014 Genel kategorisinin en pop\u00fcler \u00fcr\u00fcnlerinden. \u00dccretsiz kargo ve 30 g\u00fcn iade garantisiyle g\u00fcvenle al\u0131\u015fveri\u015f yap.<\/p>\n","protected":false},"featured_media":21,"comment_status":"open","ping_status":"closed","template":"","meta":[],"product_brand":[],"product_cat":[15],"product_tag":[17,19,20],"class_list":{"0":"post-22","1":"product","2":"type-product","3":"status-publish","4":"has-post-thumbnail","6":"product_cat-genel","7":"product_tag-genel","8":"product_tag-test5","9":"product_tag-test5-satin-al","11":"first","12":"instock","13":"shipping-taxable","14":"purchasable","15":"product-type-simple"},"_links":{"self":[{"href":"https:\/\/candogucu.com.tr\/index.php\/wp-json\/wp\/v2\/product\/22","targetHints":{"allow":["GET"]}}],"collection":[{"href":"https:\/\/candogucu.com.tr\/index.php\/wp-json\/wp\/v2\/product"}],"about":[{"href":"https:\/\/candogucu.com.tr\/index.php\/wp-json\/wp\/v2\/types\/product"}],"replies":[{"embeddable":true,"href":"https:\/\/candogucu.com.tr\/index.php\/wp-json\/wp\/v2\/comments?post=22"}],"wp:featuredmedia":[{"embeddable":true,"href":"https:\/\/candogucu.com.tr\/index.php\/wp-json\/wp\/v2\/media\/21"}],"wp:attachment":[{"href":"https:\/\/candogucu.com.tr\/index.php\/wp-json\/wp\/v2\/media?parent=22"}],"wp:term":[{"taxonomy":"product_brand","embeddable":true,"href":"https:\/\/candogucu.com.tr\/index.php\/wp-json\/wp\/v2\/product_brand?post=22"},{"taxonomy":"product_cat","embeddable":true,"href":"https:\/\/candogucu.com.tr\/index.php\/wp-json\/wp\/v2\/product_cat?post=22"},{"taxonomy":"product_tag","embeddable":true,"href":"https:\/\/candogucu.com.tr\/index.php\/wp-json\/wp\/v2\/product_tag?post=22"}],"curies":[{"name":"wp","href":"https:\/\/api.w.org\/{rel}","templated":true}]}}